{"id":85,"date":"2016-03-09T17:51:41","date_gmt":"2016-03-09T17:51:41","guid":{"rendered":"http:\/\/poldzwig.home.pl\/autoinstalator\/wordpress1\/?page_id=85"},"modified":"2016-03-10T07:53:58","modified_gmt":"2016-03-10T07:53:58","slug":"windy-osobowe-elektryczne","status":"publish","type":"page","link":"https:\/\/www.pol-dzwig.pl\/?page_id=85","title":{"rendered":"Windy osobowe elektryczne"},"content":{"rendered":"<h2><strong>Windy osobowe elektryczne<\/strong><\/h2>\n<div>\n<div><strong>Elektryczne d\u017awigi<\/strong> <strong>bez maszynowni<\/strong> posiadaj\u0105 nap\u0119d w szybie. <a href=\"http:\/\/poldzwig.home.pl\/autoinstalator\/wordpress1\/?page_id=85\"><img loading=\"lazy\" class=\"wp-image-101 aligncenter\" src=\"http:\/\/poldzwig.home.pl\/autoinstalator\/wordpress1\/wp-content\/uploads\/2016\/03\/winda_elektryczna.jpg\" sizes=\"(max-width: 397px) 100vw, 397px\" alt=\"winda_elektryczna\" width=\"397\" height=\"387\" srcset=\"http:\/\/poldzwig.home.pl\/autoinstalator\/wordpress1\/wp-content\/uploads\/2016\/03\/winda_elektryczna.jpg 595w, http:\/\/poldzwig.home.pl\/autoinstalator\/wordpress1\/wp-content\/uploads\/2016\/03\/winda_elektryczna-300x292.jpg 300w\" \/><\/a>U\u0142atwia to rozchodzenie si\u0119 ha\u0142asu po wszystkich kondygnacjach budynku. Aby zmniejszy\u0107 uci\u0105\u017cliwo\u015b\u0107 ha\u0142asu, oddziela si\u0119 szyby d\u017awigu od pomieszcze\u0144 dodatkowymi betonowymi \u015bcianami szybu (dylatacja) lub buduje si\u0119 szyb w duszy klatki schodowej. Jedna i druga metoda marnotrawi powierzchni\u0119 wewn\u0119trzn\u0105 budynku i wymaga dodatkowej energoch\u0142onnej ci\u0119\u017ckiej betonowej konstrukcji.<\/div>\n<div><\/div>\n<div><strong>Typy wind elektrycznych:<\/strong><!--more--><\/div>\n<\/div>\n<div><\/div>\n<p><img loading=\"lazy\" class=\"size-medium wp-image-32 alignleft\" src=\"http:\/\/poldzwig.home.pl\/autoinstalator\/wordpress1\/wp-content\/uploads\/2016\/03\/windy_osobowe_elektryczne-231x300.jpg\" alt=\"windy_osobowe_elektryczne\" width=\"231\" height=\"300\" srcset=\"http:\/\/poldzwig.home.pl\/autoinstalator\/wordpress1\/wp-content\/uploads\/2016\/03\/windy_osobowe_elektryczne-231x300.jpg 231w, http:\/\/poldzwig.home.pl\/autoinstalator\/wordpress1\/wp-content\/uploads\/2016\/03\/windy_osobowe_elektryczne.jpg 239w\" sizes=\"(max-width: 231px) 100vw, 231px\" \/>Winda osobowa elektryczna <strong>GREEN LIFT\u00ae &#8211; GEARLESSBELT-MRL\u00ae (GLB-MRL\u00ae)<\/strong><br \/>\nto standardowy d\u017awig elektryczny o ud\u017awigu<\/p>\n<p><strong>od 450 kg (6 os\u00f3b) do 1000 kg (13 os\u00f3b).<\/strong><\/p>\n<p>Jest produkowany zgodnie z normami <strong>ISO 9001<\/strong>, spe\u0142nia wymagania europejskiej <strong>Dyrektywy D\u017awigowej 95\/16\/WE.<\/strong><\/p>\n<div><\/div>\n<div>Jest wyposa\u017cony w pasowy, bezreduktorowy zesp\u00f3\u0142 nap\u0119dowy z cz\u0119stotliwo\u015bciow\u0105 regulacj\u0105 VVVF. Charakteryzuje si\u0119 pr\u0119dko\u015bci\u0105 jazdy 1 m\/s, bardzo wysokim komfortem jazdy, nisk\u0105 emisj\u0105 ha\u0142asu oraz precyzyjnym zatrzymaniem si\u0119 kabiny na przystanku. W przypadku zaniku napi\u0119cia sterowanie wspomagane urz\u0105dzeniem UPS (230V &#8211; zesp\u00f3\u0142 akumulator\u00f3w) umo\u017cliwi dojazd d\u017awigu do najbli\u017cszego przystanku i otwarcie drzwi, aby pasa\u017cerowie mogli swobodnie opu\u015bci\u0107 kabin\u0119. Ponadto urz\u0105dzenie UPS umo\u017cliwia r\u0119czne sterowanie d\u017awigiem w przypadku awaryjnego uwalniania pasa\u017cer\u00f3w.<\/div>\n<div><\/div>\n<div>Zesp\u00f3\u0142 nap\u0119dowy jest zamocowany w g\u00f3rnej cz\u0119\u015bci prowadnic, kt\u00f3re przenosz\u0105 obci\u0105\u017cenie na dno szybu. Dzi\u0119ki temu szyb jest l\u017cejsz\u0105 i ta\u0144sz\u0105 konstrukcj\u0105.<\/div>\n<div><\/div>\n<div>Kabiny TMC, to konstrukcje modu\u0142owe z jednym lub dwoma wej\u015bciami. Wn\u0119trze mo\u017cna dowolnie aran\u017cowa\u0107 przy wykorzystaniu szerokiej palety pod\u0142\u00f3g i \u015bciennych paneli kabinowych: laminowanych lub stalowych.<\/div>\n<div><\/div>\n<div>D\u017awig znajduje zastosowanie w wy\u017cszych budynkach <strong>od 7 do 12 przystank\u00f3w (17-35 m).<\/strong><\/div>\n<div><\/div>\n<div>Zastosowanie: wysokie budynki mieszkalne i biurowe, hotele, budynki u\u017cyteczno\u015bci publicznej.<\/div>\n<div><\/div>\n<div><\/div>\n<p><!--more--><\/p>\n<div><\/div>\n<div>\u00a0<img loading=\"lazy\" class=\"size-medium wp-image-36 alignright\" src=\"http:\/\/poldzwig.home.pl\/autoinstalator\/wordpress1\/wp-content\/uploads\/2016\/03\/Green_Lift-176x300.jpg\" alt=\"Green_Lift\" width=\"176\" height=\"300\" srcset=\"http:\/\/poldzwig.home.pl\/autoinstalator\/wordpress1\/wp-content\/uploads\/2016\/03\/Green_Lift-176x300.jpg 176w, http:\/\/poldzwig.home.pl\/autoinstalator\/wordpress1\/wp-content\/uploads\/2016\/03\/Green_Lift.jpg 328w\" sizes=\"(max-width: 176px) 100vw, 176px\" \/>Winda osobowa elektryczna <strong>GREEN LIFT\u00ae GEARLESSBELT-MRL\u00ae TML\u00ae (GLB-MRL\u00ae TML\u00ae)<\/strong><br \/>\nto niestandardowy d\u017awig elektryczny o ud\u017awigu<\/div>\n<div><\/div>\n<div><strong>od 320 kg (6 osob) do 1000 kg (13 os\u00f3b).<\/strong><\/div>\n<div><\/div>\n<div>Jest produkowany zgodnie z normami ISO 9001, spe\u0142nia wymagania europejskiej Dyrektywy D\u017awigowej 95\/16\/WE.<\/div>\n<div><\/div>\n<div>Znajduje zastosowanie w wy\u017cszych budynkach od 7 do 12 przystank\u00f3w (17-35 m). Pr\u0119dko\u015b\u0107 jazdy 1m\/s i wysoki komfort jazdy.<\/div>\n<div><strong>TML\u00ae (ang. Tailor Made Lift)<\/strong> oznacza &#8222;d\u017awig skrojony na miar\u0119&#8221; czyli taki, kt\u00f3ry jest zaprojektowany indywidualnie do niestandardowego szybu. Cz\u0119sto posiada nietypow\u0105, oryginaln\u0105 kabin\u0119.<\/div>\n<div><\/div>\n","protected":false},"excerpt":{"rendered":"<p>Windy osobowe elektryczne Elektryczne d\u017awigi bez maszynowni posiadaj\u0105 nap\u0119d w szybie. U\u0142atwia to rozchodzenie si\u0119 ha\u0142asu po wszystkich kondygnacjach budynku. Aby zmniejszy\u0107 uci\u0105\u017cliwo\u015b\u0107 ha\u0142asu, oddziela si\u0119 szyby d\u017awigu od pomieszcze\u0144 dodatkowymi betonowymi \u015bcianami szybu (dylatacja) lub buduje si\u0119 szyb w duszy klatki schodowej. Jedna i druga metoda marnotrawi powierzchni\u0119 wewn\u0119trzn\u0105 budynku i wymaga dodatkowej energoch\u0142onnej &hellip; <a href=\"https:\/\/www.pol-dzwig.pl\/?page_id=85\" class=\"more-link\">Czytaj dalej <span class=\"screen-reader-text\">Windy osobowe elektryczne<\/span> <span class=\"meta-nav\">&rarr;<\/span><\/a><\/p>\n","protected":false},"author":1,"featured_media":0,"parent":0,"menu_order":0,"comment_status":"closed","ping_status":"closed","template":"","meta":[],"_links":{"self":[{"href":"https:\/\/www.pol-dzwig.pl\/index.php?rest_route=\/wp\/v2\/pages\/85"}],"collection":[{"href":"https:\/\/www.pol-dzwig.pl\/index.php?rest_route=\/wp\/v2\/pages"}],"about":[{"href":"https:\/\/www.pol-dzwig.pl\/index.php?rest_route=\/wp\/v2\/types\/page"}],"author":[{"embeddable":true,"href":"https:\/\/www.pol-dzwig.pl\/index.php?rest_route=\/wp\/v2\/users\/1"}],"replies":[{"embeddable":true,"href":"https:\/\/www.pol-dzwig.pl\/index.php?rest_route=%2Fwp%2Fv2%2Fcomments&post=85"}],"version-history":[{"count":3,"href":"https:\/\/www.pol-dzwig.pl\/index.php?rest_route=\/wp\/v2\/pages\/85\/revisions"}],"predecessor-version":[{"id":162,"href":"https:\/\/www.pol-dzwig.pl\/index.php?rest_route=\/wp\/v2\/pages\/85\/revisions\/162"}],"wp:attachment":[{"href":"https:\/\/www.pol-dzwig.pl\/index.php?rest_route=%2Fwp%2Fv2%2Fmedia&parent=85"}],"curies":[{"name":"wp","href":"https:\/\/api.w.org\/{rel}","templated":true}]}}