{"id":276,"date":"2016-03-15T10:37:20","date_gmt":"2016-03-15T10:37:20","guid":{"rendered":"http:\/\/poldzwig.home.pl\/autoinstalator\/wordpress1\/?page_id=276"},"modified":"2016-09-27T06:45:21","modified_gmt":"2016-09-27T06:45:21","slug":"windy-homelift","status":"publish","type":"page","link":"https:\/\/www.pol-dzwig.pl\/","title":{"rendered":"Windy HomeLift"},"content":{"rendered":"<p><img loading=\"lazy\" class=\" wp-image-289 aligncenter\" src=\"http:\/\/poldzwig.home.pl\/autoinstalator\/wordpress1\/wp-content\/uploads\/2016\/03\/homelift6-300x51.jpg\" alt=\"\" width=\"353\" height=\"60\" srcset=\"http:\/\/poldzwig.home.pl\/autoinstalator\/wordpress1\/wp-content\/uploads\/2016\/03\/homelift6-300x51.jpg 300w, http:\/\/poldzwig.home.pl\/autoinstalator\/wordpress1\/wp-content\/uploads\/2016\/03\/homelift6.jpg 700w\" sizes=\"(max-width: 353px) 100vw, 353px\" \/><\/p>\n<h4>Home Lift\u00ae ( winda domowa ).<\/h4>\n<div><\/div>\n<div><img loading=\"lazy\" class=\" wp-image-290 alignleft\" src=\"http:\/\/poldzwig.home.pl\/autoinstalator\/wordpress1\/wp-content\/uploads\/2016\/03\/homelift88-300x230.jpg\" alt=\"\" width=\"239\" height=\"183\" srcset=\"http:\/\/poldzwig.home.pl\/autoinstalator\/wordpress1\/wp-content\/uploads\/2016\/03\/homelift88-300x230.jpg 300w, http:\/\/poldzwig.home.pl\/autoinstalator\/wordpress1\/wp-content\/uploads\/2016\/03\/homelift88.jpg 313w\" sizes=\"(max-width: 239px) 100vw, 239px\" \/>To nowo\u015b\u0107 na polskim rynku. <strong>Winda wyprodukowana zgodnie z Dyrektyw\u0105 Maszynow\u0105 2006\/42\/WE zachowuje wszelkie cechy tradycyjnych wind.<\/strong> Nap\u0119d wykorzystuje technologi\u0119 Fluitronic\u00ae 1:2 z proporcjonalnym, elektronicznym, sterowanym cyfrowo blokiem zaworowym NGV. Jest wyposa\u017cona w teleskopowe, automatyczne drzwi kabinowe i szybowe.<\/div>\n<div><\/div>\n<p><!--more--><\/p>\n<div><\/div>\n<p><!--more--><\/p>\n<div><strong><span style=\"text-decoration: underline;\">Dyspozycje przywo\u0142ania i przejazdu s\u0105 wykonywane ca\u0142kowicie automatycznie.<\/span><\/strong><\/div>\n<div><\/div>\n<p><!--more--><\/p>\n<div><\/div>\n<p><iframe loading=\"lazy\" src=\"https:\/\/www.youtube.com\/embed\/6uUpuZ8Ea0o\" width=\"560\" height=\"315\" frameborder=\"0\" allowfullscreen=\"allowfullscreen\"><\/iframe><\/p>\n<div>\u00a0<!--more--><\/div>\n<div>Minimalne wymiary szybu s\u0105 rekordowe:<\/div>\n<div>podszybie 15 cm, a nadszybie 260 cm.<\/div>\n<div><\/div>\n<p><!--more--><\/p>\n<div><strong>Winda Home Lift\u00ae o maksymalnym ud\u017awigu 400 kg<\/strong> jest nap\u0119dzana jednofazowym silnikiem o mocy wynosz\u0105cej zaledwie 2,2 kW. W przypadku zaniku napi\u0119cia kabina zje\u017cd\u017ca na najni\u017cszy przystanek i otwiera drzwi windy.<\/div>\n<div><\/div>\n<p><!--more--><\/p>\n<div>Wysok\u0105 jako\u015b\u0107 urz\u0105dzenia potwierdza d\u0142uga gwarancja producenta: <strong>wyd\u0142u\u017cona nawet do 10 lat (opcja).<\/strong><\/div>\n<p><!--more--><\/p>\n<h4><strong>WINDY DOMOWE GMV<\/strong><\/h4>\n<div><\/div>\n<p><!--more--><\/p>\n<div><strong>WINDA W TWOIM DOMU<\/strong> \u2013 to akcja informacyjna skierowana do przysz\u0142ych i obecnych w\u0142a\u015bcicieli dom\u00f3w. Chcieliby\u015bmy, aby wzorem wielu innych kraj\u00f3w, winda sta\u0142a elementem wyposa\u017cenia nie tylko budynk\u00f3w og\u00f3lnodost\u0119pnych, ale r\u00f3wnie\u017c dom\u00f3w prywatnych. Kieruj\u0105c si\u0119 t\u0105 ide\u0105 firma GMV zaprojektowa\u0142a Home Lift\u00ae &#8211; wind\u0119 wyj\u0105tkow\u0105, dla ka\u017cdego u\u017cytkownika i przeznaczon\u0105 do pracy w ka\u017cdym budynku.<\/div>\n<div><\/div>\n<p><!--more--><\/p>\n<div>Na pewno <strong>warto pomy\u015ble\u0107 o windzie Home Lift\u00ae ju\u017c na etapie projektu<\/strong>, nawet gdyby decyzja o zakupie windy mia\u0142a by\u0107 od\u0142o\u017cona na nast\u0119pne lata. Jednak w przypadku, gdy budynek ju\u017c istnieje, to <strong>jest mo\u017cliwa instalacja w szybie samono\u015bnym: wewn\u0119trznym lub zewn\u0119trznym<\/strong>. Koszt urz\u0105dzenia wraz z monta\u017cem jest ni\u017cszy ni\u017c koszt zakupu samochodu osobowego i por\u00f3wnywalny np. z pe\u0142nym wyposa\u017ceniem kuchni.<\/div>\n<div><\/div>\n<p><!--more--><\/p>\n<div><strong>Home Lift\u00ae<\/strong> spe\u0142nia surowe europejskie przepisy dotycz\u0105ce urz\u0105dze\u0144 tego typu w zakresie: funkcjonowania, wykonania i bezpiecze\u0144stwa.<\/div>\n<div><\/div>\n<p><!--more--><\/p>\n<h4><strong>Charakterystyka Home Lift\u00ae:<\/strong><\/h4>\n<div><\/div>\n<p><!--more--><\/p>\n<div><img loading=\"lazy\" class=\" wp-image-294 alignleft\" src=\"http:\/\/poldzwig.home.pl\/autoinstalator\/wordpress1\/wp-content\/uploads\/2016\/03\/dane_techniczne_homelift-157x300.jpg\" alt=\"Winda HomeLift parametry\" width=\"172\" height=\"329\" srcset=\"http:\/\/poldzwig.home.pl\/autoinstalator\/wordpress1\/wp-content\/uploads\/2016\/03\/dane_techniczne_homelift-157x300.jpg 157w, http:\/\/poldzwig.home.pl\/autoinstalator\/wordpress1\/wp-content\/uploads\/2016\/03\/dane_techniczne_homelift.jpg 266w\" sizes=\"(max-width: 172px) 100vw, 172px\" \/>Producent: GMV<br \/>\nZgodno\u015b\u0107 z Dyrektyw\u0105 Maszynow\u0105 2006\/42\/WE<br \/>\nNap\u0119d: 1:2 Fluitronic\u00ae z proporcjonalnym zaworem NGV<br \/>\nUd\u017awig: 250 &#8211; 400 kg \/ 3 &#8211; 5 os\u00f3b<br \/>\nMaksymalna wysoko\u015b\u0107 podnoszenia: 12 m (budynki do 4-5 kondygnacji)<br \/>\nMaksymalna ilo\u015b\u0107 przystank\u00f3w \/ doj\u015b\u0107: 5 \/ 6<br \/>\nWymiary kabiny: SxG 80-110 x 100-140 cm \/ drzwi: 70-90 cm<br \/>\nAutomatyczne, teleskopowe drzwi kabinowe i szybowe<br \/>\nOpcja: drzwi ognioodporne EI<br \/>\nAutomatyczna jazda pomi\u0119dzy przystankami<br \/>\nZasilanie: 230 V &#8211; jednofazowe \/ moc: 1,5 &#8211; 2,2 kW<br \/>\nPr\u0119dko\u015b\u0107: 0,15 m\/s<br \/>\nSystem komunikacji zewn\u0119trznej w kabinie<br \/>\nZjazd na najni\u017cszy przystanek i otwarcie drzwi w przypadku zaniku napi\u0119cia.<\/div>\n<div>Max wysoko\u015b\u0107 podnoszenia wynosi 12m.<\/div>\n<p><!--more--><\/p>\n<div>Zastosowanie: budynki nowe i istniej\u0105ce, przychodnie lekarskie, sklepy, hotele, budynki mieszkalne \/ u\u017cyteczno\u015bci publicznej, obiekty zabytkowe oraz prywatne domy jednorodzinne ( jako tzw. winda domowa, winda w domu jednorodzinnym ).<\/div>\n<div><\/div>\n<p><!--more--><br \/>\n<strong>UWAGA: Zdecydowana wi\u0119kszo\u015b\u0107 tego typu wind-platform dost\u0119pnych na rynku posiada p\u00f3\u0142automatyczne drzwi otwierane r\u0119cznie.<\/strong> Ponadto, jazda do zadysponowanego przystanku jest mo\u017cliwa tylko wtedy, <strong>gdy pasa\u017cer trzyma wci\u015bni\u0119ty odpowiedni przycisk.<\/strong> Jest to du\u017ce wyzwanie dla os\u00f3b niepe\u0142nosprawnych poruszaj\u0105cych na w\u00f3zku inwalidzkim, gdy\u017c dost\u0119p do kabiny i przejazd jest znacznie utrudniony.<\/p>\n<div><!--more--><\/div>\n<div>Tryb pracy windy Home Lift\u00ae jest ca\u0142kowicie odmienny. <strong>Drzwi otwieraj\u0105 i zamykaj\u0105 si\u0119 samoczynnie, a przejazd do zadysponowanego przystanku jest automatyczny.<\/strong><\/div>\n<div><\/div>\n<p><!--more--><\/p>\n<div><\/div>\n<div><\/div>\n","protected":false},"excerpt":{"rendered":"<p>Home Lift\u00ae ( winda domowa ). To nowo\u015b\u0107 na polskim rynku. Winda wyprodukowana zgodnie z Dyrektyw\u0105 Maszynow\u0105 2006\/42\/WE zachowuje wszelkie cechy tradycyjnych wind. Nap\u0119d wykorzystuje technologi\u0119 Fluitronic\u00ae 1:2 z proporcjonalnym, elektronicznym, sterowanym cyfrowo blokiem zaworowym NGV. Jest wyposa\u017cona w teleskopowe, automatyczne drzwi kabinowe i szybowe.<\/p>\n","protected":false},"author":1,"featured_media":0,"parent":0,"menu_order":0,"comment_status":"closed","ping_status":"closed","template":"","meta":[],"_links":{"self":[{"href":"https:\/\/www.pol-dzwig.pl\/index.php?rest_route=\/wp\/v2\/pages\/276"}],"collection":[{"href":"https:\/\/www.pol-dzwig.pl\/index.php?rest_route=\/wp\/v2\/pages"}],"about":[{"href":"https:\/\/www.pol-dzwig.pl\/index.php?rest_route=\/wp\/v2\/types\/page"}],"author":[{"embeddable":true,"href":"https:\/\/www.pol-dzwig.pl\/index.php?rest_route=\/wp\/v2\/users\/1"}],"replies":[{"embeddable":true,"href":"https:\/\/www.pol-dzwig.pl\/index.php?rest_route=%2Fwp%2Fv2%2Fcomments&post=276"}],"version-history":[{"count":12,"href":"https:\/\/www.pol-dzwig.pl\/index.php?rest_route=\/wp\/v2\/pages\/276\/revisions"}],"predecessor-version":[{"id":366,"href":"https:\/\/www.pol-dzwig.pl\/index.php?rest_route=\/wp\/v2\/pages\/276\/revisions\/366"}],"wp:attachment":[{"href":"https:\/\/www.pol-dzwig.pl\/index.php?rest_route=%2Fwp%2Fv2%2Fmedia&parent=276"}],"curies":[{"name":"wp","href":"https:\/\/api.w.org\/{rel}","templated":true}]}}