{"id":134,"date":"2016-03-09T21:07:57","date_gmt":"2016-03-09T21:07:57","guid":{"rendered":"http:\/\/poldzwig.home.pl\/autoinstalator\/wordpress1\/?page_id=134"},"modified":"2016-05-10T12:02:17","modified_gmt":"2016-05-10T12:02:17","slug":"kontakt-2","status":"publish","type":"page","link":"http:\/\/www.pol-dzwig.pl\/?page_id=134","title":{"rendered":"Kontakt"},"content":{"rendered":"<h5><strong>Dane firmy:<\/strong><\/h5>\n<p><!--more-->Przedsi\u0119biorstwo Handlowo-Remontowe<br \/>\n<strong>&#8222;POL-D\u0179WIG&#8221; sp. z o. o.<br \/>\n<\/strong>ul. Jana Paw\u0142a II 30<br \/>\n59-300 Lubin<br \/>\nwoj. dolno\u015bl\u0105skie<\/p>\n<p><img loading=\"lazy\" class=\"alignnone size-full wp-image-351\" src=\"http:\/\/poldzwig.home.pl\/autoinstalator\/wordpress1\/wp-content\/uploads\/2016\/03\/adres_email.jpg\" alt=\"\" width=\"268\" height=\"86\" \/><\/p>\n<h5><!--more-->Formularz kontaktowy:<\/h5>\n<p><!--more--><br \/>\n<div role=\"form\" class=\"wpcf7\" id=\"wpcf7-f270-o1\" lang=\"pl-PL\" dir=\"ltr\">\n<div class=\"screen-reader-response\" role=\"alert\" aria-live=\"polite\"><\/div>\n<form action=\"\/index.php?rest_route=%2Fwp%2Fv2%2Fpages%2F134#wpcf7-f270-o1\" method=\"post\" class=\"wpcf7-form init\" novalidate=\"novalidate\">\n<div style=\"display: none;\">\n<input type=\"hidden\" name=\"_wpcf7\" value=\"270\" \/>\n<input type=\"hidden\" name=\"_wpcf7_version\" value=\"5.2.2\" \/>\n<input type=\"hidden\" name=\"_wpcf7_locale\" value=\"pl_PL\" \/>\n<input type=\"hidden\" name=\"_wpcf7_unit_tag\" value=\"wpcf7-f270-o1\" \/>\n<input type=\"hidden\" name=\"_wpcf7_container_post\" value=\"0\" \/>\n<input type=\"hidden\" name=\"_wpcf7_posted_data_hash\" value=\"\" \/>\n<\/div>\n<p>Imi\u0119 i nazwisko (wymagane)<br \/>\n    <span class=\"wpcf7-form-control-wrap your-name\"><input type=\"text\" name=\"your-name\" value=\"\" size=\"40\" class=\"wpcf7-form-control wpcf7-text wpcf7-validates-as-required\" aria-required=\"true\" aria-invalid=\"false\" \/><\/span> <\/p>\n<p>Adres email (wymagane)<br \/>\n    <span class=\"wpcf7-form-control-wrap your-email\"><input type=\"email\" name=\"your-email\" value=\"\" size=\"40\" class=\"wpcf7-form-control wpcf7-text wpcf7-email wpcf7-validates-as-required wpcf7-validates-as-email\" aria-required=\"true\" aria-invalid=\"false\" \/><\/span> <\/p>\n<p>Temat<br \/>\n    <span class=\"wpcf7-form-control-wrap your-subject\"><input type=\"text\" name=\"your-subject\" value=\"\" size=\"40\" class=\"wpcf7-form-control wpcf7-text\" aria-invalid=\"false\" \/><\/span> <\/p>\n<p>Tre\u015b\u0107 wiadomo\u015bci<br \/>\n    <span class=\"wpcf7-form-control-wrap your-message\"><textarea name=\"your-message\" cols=\"40\" rows=\"10\" class=\"wpcf7-form-control wpcf7-textarea\" aria-invalid=\"false\"><\/textarea><\/span> <\/p>\n<p><input type=\"submit\" value=\"Wy\u015blij\" class=\"wpcf7-form-control wpcf7-submit\" \/><\/p>\n<input type='hidden' class='wpcf7-pum' value='{\"closepopup\":false,\"closedelay\":0,\"openpopup\":false,\"openpopup_id\":0}' \/><div class=\"wpcf7-response-output\" role=\"alert\" aria-hidden=\"true\"><\/div><\/form><\/div><\/p>\n","protected":false},"excerpt":{"rendered":"<p>Dane firmy:<\/p>\n","protected":false},"author":1,"featured_media":0,"parent":0,"menu_order":0,"comment_status":"closed","ping_status":"closed","template":"","meta":[],"_links":{"self":[{"href":"http:\/\/www.pol-dzwig.pl\/index.php?rest_route=\/wp\/v2\/pages\/134"}],"collection":[{"href":"http:\/\/www.pol-dzwig.pl\/index.php?rest_route=\/wp\/v2\/pages"}],"about":[{"href":"http:\/\/www.pol-dzwig.pl\/index.php?rest_route=\/wp\/v2\/types\/page"}],"author":[{"embeddable":true,"href":"http:\/\/www.pol-dzwig.pl\/index.php?rest_route=\/wp\/v2\/users\/1"}],"replies":[{"embeddable":true,"href":"http:\/\/www.pol-dzwig.pl\/index.php?rest_route=%2Fwp%2Fv2%2Fcomments&post=134"}],"version-history":[{"count":8,"href":"http:\/\/www.pol-dzwig.pl\/index.php?rest_route=\/wp\/v2\/pages\/134\/revisions"}],"predecessor-version":[{"id":352,"href":"http:\/\/www.pol-dzwig.pl\/index.php?rest_route=\/wp\/v2\/pages\/134\/revisions\/352"}],"wp:attachment":[{"href":"http:\/\/www.pol-dzwig.pl\/index.php?rest_route=%2Fwp%2Fv2%2Fmedia&parent=134"}],"curies":[{"name":"wp","href":"https:\/\/api.w.org\/{rel}","templated":true}]}}